{"id":660,"date":"2026-03-16T15:20:17","date_gmt":"2026-03-16T12:20:17","guid":{"rendered":"https:\/\/www.ydcmetal.com.tr\/?page_id=660"},"modified":"2026-03-27T14:38:50","modified_gmt":"2026-03-27T11:38:50","slug":"kalite-politikalari-ve-sertifikalar","status":"publish","type":"page","link":"https:\/\/www.ydcmetal.com.tr\/index.php\/kalite-politikalari-ve-sertifikalar\/","title":{"rendered":"Kalite Politikas\u0131 ve Sertifikalar"},"content":{"rendered":"\t\t<div data-elementor-type=\"wp-page\" data-elementor-id=\"660\" class=\"elementor elementor-660\" data-elementor-post-type=\"page\">\n\t\t\t\t\t\t<section class=\"elementor-section elementor-top-section elementor-element elementor-element-1661cb4a elementor-section-height-min-height elementor-section-items-stretch elementor-section-content-middle elementor-section-boxed elementor-section-height-default\" data-id=\"1661cb4a\" data-element_type=\"section\" data-e-type=\"section\" data-settings=\"{&quot;background_background&quot;:&quot;classic&quot;}\">\n\t\t\t\t\t\t\t<div class=\"elementor-background-overlay\"><\/div>\n\t\t\t\t\t\t\t<div class=\"elementor-container elementor-column-gap-default\">\n\t\t\t\t\t<div class=\"elementor-column elementor-col-100 elementor-top-column elementor-element elementor-element-2fe7f1e9\" data-id=\"2fe7f1e9\" data-element_type=\"column\" data-e-type=\"column\">\n\t\t\t<div class=\"elementor-widget-wrap elementor-element-populated\">\n\t\t\t\t\t\t<div class=\"elementor-element elementor-element-4515a500 elementor-widget elementor-widget-heading\" data-id=\"4515a500\" data-element_type=\"widget\" data-e-type=\"widget\" data-widget_type=\"heading.default\">\n\t\t\t\t\t<h2 class=\"elementor-heading-title elementor-size-default\">Kalite Politikas\u0131 ve Sertifikalar<\/h2>\t\t\t\t<\/div>\n\t\t\t\t\t<\/div>\n\t\t<\/div>\n\t\t\t\t\t<\/div>\n\t\t<\/section>\n\t\t\t\t<section class=\"elementor-section elementor-top-section elementor-element elementor-element-696eac5 elementor-section-boxed elementor-section-height-default elementor-section-height-default\" data-id=\"696eac5\" data-element_type=\"section\" data-e-type=\"section\">\n\t\t\t\t\t\t<div class=\"elementor-container elementor-column-gap-default\">\n\t\t\t\t\t<div class=\"elementor-column elementor-col-50 elementor-top-column elementor-element elementor-element-bd80b66\" data-id=\"bd80b66\" data-element_type=\"column\" data-e-type=\"column\">\n\t\t\t<div class=\"elementor-widget-wrap elementor-element-populated\">\n\t\t\t\t\t\t<div class=\"elementor-element elementor-element-e398c0d elementor-widget elementor-widget-image\" data-id=\"e398c0d\" data-element_type=\"widget\" data-e-type=\"widget\" data-widget_type=\"image.default\">\n\t\t\t\t\t\t\t\t\t\t\t\t\t\t\t<img fetchpriority=\"high\" decoding=\"async\" width=\"1920\" height=\"2500\" src=\"https:\/\/www.ydcmetal.com.tr\/wp-content\/uploads\/2026\/03\/ydcmetal-kalite-politikasi-1.webp\" class=\"attachment-full size-full wp-image-708\" alt=\"\" srcset=\"https:\/\/www.ydcmetal.com.tr\/wp-content\/uploads\/2026\/03\/ydcmetal-kalite-politikasi-1.webp 1920w, https:\/\/www.ydcmetal.com.tr\/wp-content\/uploads\/2026\/03\/ydcmetal-kalite-politikasi-1-230x300.webp 230w, https:\/\/www.ydcmetal.com.tr\/wp-content\/uploads\/2026\/03\/ydcmetal-kalite-politikasi-1-786x1024.webp 786w, https:\/\/www.ydcmetal.com.tr\/wp-content\/uploads\/2026\/03\/ydcmetal-kalite-politikasi-1-768x1000.webp 768w, https:\/\/www.ydcmetal.com.tr\/wp-content\/uploads\/2026\/03\/ydcmetal-kalite-politikasi-1-1180x1536.webp 1180w, https:\/\/www.ydcmetal.com.tr\/wp-content\/uploads\/2026\/03\/ydcmetal-kalite-politikasi-1-1573x2048.webp 1573w\" sizes=\"(max-width: 1920px) 100vw, 1920px\" \/>\t\t\t\t\t\t\t\t\t\t\t\t\t\t\t<\/div>\n\t\t\t\t\t<\/div>\n\t\t<\/div>\n\t\t\t\t<div class=\"elementor-column elementor-col-50 elementor-top-column elementor-element elementor-element-c818713\" data-id=\"c818713\" data-element_type=\"column\" data-e-type=\"column\">\n\t\t\t<div class=\"elementor-widget-wrap elementor-element-populated\">\n\t\t\t\t\t\t<div class=\"elementor-element elementor-element-20d2a44 e-n-tabs-mobile elementor-widget elementor-widget-n-tabs\" data-id=\"20d2a44\" data-element_type=\"widget\" data-e-type=\"widget\" data-settings=\"{&quot;tabs_justify_horizontal&quot;:&quot;end&quot;,&quot;horizontal_scroll&quot;:&quot;disable&quot;}\" data-widget_type=\"nested-tabs.default\">\n\t\t\t\t\t\t\t<div class=\"e-n-tabs\" data-widget-number=\"34417220\" aria-label=\"Sekmeler. Enter ve Space ile \u00f6geleri a\u00e7abilir, Escape ile \u00f6geleri kapatabilir ve Y\u00f6n tu\u015flar\u0131 ile \u00f6geler aras\u0131nda gezinebilirsiniz.\">\n\t\t\t<div class=\"e-n-tabs-heading\" role=\"tablist\">\n\t\t\t\t\t<button id=\"e-n-tab-title-344172201\" data-tab-title-id=\"e-n-tab-title-344172201\" class=\"e-n-tab-title\" aria-selected=\"true\" data-tab-index=\"1\" role=\"tab\" tabindex=\"0\" aria-controls=\"e-n-tab-content-344172201\" style=\"--n-tabs-title-order: 1;\">\n\t\t\t\t\t\t<span class=\"e-n-tab-title-text\">\n\t\t\t\tT\u00fcrk\u00e7e\t\t\t<\/span>\n\t\t<\/button>\n\t\t\t\t<button id=\"e-n-tab-title-344172202\" data-tab-title-id=\"e-n-tab-title-344172202\" class=\"e-n-tab-title\" aria-selected=\"false\" data-tab-index=\"2\" role=\"tab\" tabindex=\"-1\" aria-controls=\"e-n-tab-content-344172202\" style=\"--n-tabs-title-order: 2;\">\n\t\t\t\t\t\t<span class=\"e-n-tab-title-text\">\n\t\t\t\tEnglish\t\t\t<\/span>\n\t\t<\/button>\n\t\t\t\t\t<\/div>\n\t\t\t<div class=\"e-n-tabs-content\">\n\t\t\t\t<div id=\"e-n-tab-content-344172201\" role=\"tabpanel\" aria-labelledby=\"e-n-tab-title-344172201\" data-tab-index=\"1\" style=\"--n-tabs-title-order: 1;\" class=\"e-active elementor-element elementor-element-f19bf25 e-con-full e-flex e-con e-child\" data-id=\"f19bf25\" data-element_type=\"container\" data-e-type=\"container\">\n\t\t\t\t<div class=\"elementor-element elementor-element-783787b elementor-widget elementor-widget-html\" data-id=\"783787b\" data-element_type=\"widget\" data-e-type=\"widget\" data-widget_type=\"html.default\">\n\t\t\t\t\t<style>\r\n    .ydc-kalite-container {\r\n        font-family: 'Segoe UI', Roboto, Helvetica, Arial, sans-serif;\r\n        max-width: 800px;\r\n        margin: 0 auto;\r\n        padding: 20px;\r\n        \/* Arka plan, g\u00f6lge ve kenarl\u0131k tamamen kald\u0131r\u0131ld\u0131 *\/\r\n        background: none;\r\n        border: none;\r\n        box-shadow: none;\r\n        color: #333;\r\n    }\r\n\r\n    .ydc-ust-baslik {\r\n        text-align: center;\r\n        border-bottom: 3px solid #B9323F;\r\n        padding-bottom: 20px;\r\n        margin-bottom: 30px;\r\n    }\r\n\r\n    .ydc-ust-baslik h1 {\r\n        font-size: 26px;\r\n        color: #000;\r\n        margin: 10px 0;\r\n        font-weight: 800;\r\n    }\r\n\r\n    .ydc-sirket-tam-ad {\r\n        display: block;\r\n        margin-top: 10px;\r\n        font-size: 13px;\r\n        font-weight: bold;\r\n        line-height: 1.5;\r\n    }\r\n\r\n    .ydc-madde-listesi {\r\n        list-style: none;\r\n        padding: 0;\r\n        margin-bottom: 40px;\r\n    }\r\n\r\n    .ydc-madde-listesi li {\r\n        position: relative;\r\n        padding-left: 30px;\r\n        margin-bottom: 15px;\r\n        line-height: 1.6;\r\n        text-align: justify;\r\n    }\r\n\r\n    .ydc-madde-listesi li::before {\r\n        content: \"\u2022\";\r\n        position: absolute;\r\n        left: 0;\r\n        color: #B9323F;\r\n        font-size: 24px;\r\n        line-height: 1;\r\n    }\r\n\r\n    @media (max-width: 600px) {\r\n        .ydc-kalite-container {\r\n            padding: 10px;\r\n        }\r\n    }\r\n<\/style>\r\n\r\n<div class=\"ydc-kalite-container\">\r\n    <div class=\"ydc-ust-baslik\">\r\n        <h1>KAL\u0130TE POL\u0130T\u0130KASI<\/h1>\r\n        <p><strong>KAL\u0130TE Y\u00d6NET\u0130M S\u0130STEM\u0130 9001-2015<\/strong><\/p>\r\n        <span class=\"ydc-sirket-tam-ad\">Y.D.\u00c7 METAL MAK\u0130NA OTOMOT\u0130V NAKL\u0130YE \u0130N\u015eAAT TUR\u0130ZM \u0130TH. \u0130HR. SAN. T\u0130C. LTD. \u015eT\u0130<\/span>\r\n    <\/div>\r\n\r\n    <ul class=\"ydc-madde-listesi\">\r\n        <li>Personelimizin yarat\u0131c\u0131l\u0131klar\u0131n\u0131 ve inisiyatiflerini geli\u015ftirmek ve sorumluluk duygusuna sahip olmalar\u0131n\u0131 sa\u011flamak.<\/li>\r\n        <li>\u00c7al\u0131\u015fan her personelin, yapt\u0131\u011f\u0131 i\u015flerin kalitesini bir ba\u015fkas\u0131 taraf\u0131ndan kontrol edilerek de\u011fil, standartlara uygun \u00e7al\u0131\u015farak olu\u015fturulabilece\u011fi bilincini geli\u015ftirmek.<\/li>\r\n        <li>E\u011fitilmi\u015f, uyumlu \u00e7al\u0131\u015fan ve ekip \u00e7al\u0131\u015fmas\u0131 konusundaki ba\u015far\u0131l\u0131 uygulamalar\u0131 olan personelimiz ile pazardaki yerimizi artt\u0131rmak.<\/li>\r\n        <li>Hem do\u011frudan \u015firket personelinin hem de faydalan\u0131lan ta\u015feron \u00e7al\u0131\u015fanlar\u0131n\u0131n bireysel sorumluluklar\u0131n\u0131n fark\u0131nda olmalar\u0131n\u0131 sa\u011flamak amac\u0131yla e\u011fitimler vermek.<\/li>\r\n        <li>\u015eartlara uygunlu\u011fun idame ettirilmesi i\u00e7in Kalite politikas\u0131n\u0131 periyodik olarak g\u00f6zden ge\u00e7irmek.<\/li>\r\n        <li>Kamu, \u00f6zel sekt\u00f6r kurulu\u015flar\u0131 ve sivil toplum \u00f6rg\u00fctleri ile edinilen tecr\u00fcbelerini kar\u015f\u0131l\u0131kl\u0131 olarak payla\u015fmak.<\/li>\r\n        <li>Kaynaklar\u0131m\u0131z\u0131, \u00f6ncelikle m\u00fc\u015fteri, mevzuat ve Kalite Y\u00f6netim Sisteminin \u015fartlar\u0131n\u0131n yerine getirilmesini sa\u011flamak.<\/li>\r\n        <li>Kalite Y\u00f6netim Sisteminin \u015fartlar\u0131n\u0131n yerine getirilmesine, s\u00fcrekli iyile\u015ftirmesine ve uygunsuzluklar\u0131n \u00f6nlenmesine ay\u0131rarak g\u00fcvenilir olmak ve en \u00fcst d\u00fczeyde m\u00fc\u015fteri memnuniyeti sa\u011flamak.<\/li>\r\n    <\/ul>\r\n<\/div>\t\t\t\t<\/div>\n\t\t\t\t<\/div>\n\t\t<div id=\"e-n-tab-content-344172202\" role=\"tabpanel\" aria-labelledby=\"e-n-tab-title-344172202\" data-tab-index=\"2\" style=\"--n-tabs-title-order: 2;\" class=\" elementor-element elementor-element-08f0897 e-con-full e-flex e-con e-child\" data-id=\"08f0897\" data-element_type=\"container\" data-e-type=\"container\">\n\t\t\t\t<div class=\"elementor-element elementor-element-a41075f elementor-widget elementor-widget-html\" data-id=\"a41075f\" data-element_type=\"widget\" data-e-type=\"widget\" data-widget_type=\"html.default\">\n\t\t\t\t\t<style>\r\n    .ydc-quality-container {\r\n        font-family: 'Segoe UI', Roboto, Helvetica, Arial, sans-serif;\r\n        max-width: 800px;\r\n        margin: 0 auto;\r\n        padding: 20px;\r\n        \/* Arka plan, g\u00f6lge ve kenarl\u0131k tamamen kald\u0131r\u0131ld\u0131 *\/\r\n        background: none;\r\n        border: none;\r\n        box-shadow: none;\r\n        color: #333;\r\n    }\r\n\r\n    .ydc-header-area {\r\n        text-align: center;\r\n        border-bottom: 3px solid #B9323F;\r\n        padding-bottom: 20px;\r\n        margin-bottom: 30px;\r\n    }\r\n\r\n    .ydc-header-area h2 {\r\n        font-size: 18px;\r\n        color: #666;\r\n        margin: 0;\r\n        font-weight: 400;\r\n        text-transform: uppercase;\r\n    }\r\n\r\n    .ydc-header-area h1 {\r\n        font-size: 26px;\r\n        color: #000;\r\n        margin: 10px 0;\r\n        font-weight: 800;\r\n    }\r\n\r\n    .ydc-company-full-name {\r\n        display: block;\r\n        margin-top: 10px;\r\n        font-size: 13px;\r\n        font-weight: bold;\r\n        line-height: 1.5;\r\n    }\r\n\r\n    .ydc-policy-list {\r\n        list-style: none;\r\n        padding: 0;\r\n        margin-bottom: 40px;\r\n    }\r\n\r\n    .ydc-policy-list li {\r\n        position: relative;\r\n        padding-left: 30px;\r\n        margin-bottom: 15px;\r\n        line-height: 1.6;\r\n        text-align: justify;\r\n    }\r\n\r\n    .ydc-policy-list li::before {\r\n        content: \"\u2022\";\r\n        position: absolute;\r\n        left: 0;\r\n        color: #B9323F;\r\n        font-size: 24px;\r\n        line-height: 1;\r\n    }\r\n\r\n    @media (max-width: 600px) {\r\n        .ydc-quality-container {\r\n            padding: 10px;\r\n        }\r\n    }\r\n<\/style>\r\n\r\n<div class=\"ydc-quality-container\">\r\n    <div class=\"ydc-header-area\">\r\n        <h1>QUALITY POLICY<\/h1>\r\n        <p><strong>QUALITY MANAGEMENT SYSTEM 9001-2015<\/strong><\/p>\r\n        <span class=\"ydc-company-full-name\">Y.D.\u00c7 METAL MAK\u0130NA OTOMOT\u0130V NAKL\u0130YE \u0130N\u015eAAT TUR\u0130ZM \u0130TH. \u0130HR. SAN. T\u0130C. LTD. \u015eT\u0130<\/span>\r\n    <\/div>\r\n\r\n    <ul class=\"ydc-policy-list\">\r\n        <li>To improve the creativity and initiative of our staff and to ensure that they have a sense of responsibility.<\/li>\r\n        <li>To develop the awareness that every employee can create the quality of their work by working in accordance with the standards, not by being controlled by someone else.<\/li>\r\n        <li>To increase our presence in the market with our trained, harmonious staff and successful teamwork activities.<\/li>\r\n        <li>To provide trainings to ensure that both directly company personnel and subcontractor employees are aware of their individual responsibilities.<\/li>\r\n        <li>To review the Quality policy periodically to sustain compliance with the terms.<\/li>\r\n        <li>Mutually sharing experiences with public, private sector organizations and non-governmental organizations.<\/li>\r\n        <li>Our resources, primarily to ensure that the requirements of the customer, legislation and Quality Management System are fulfilled.<\/li>\r\n        <li>To fulfill the requirements of the Quality Management System, to continuously improve it and to prevent non-conformities, to be reliable and to provide the highest level of customer satisfaction.<\/li>\r\n    <\/ul>\r\n<\/div>\t\t\t\t<\/div>\n\t\t\t\t<\/div>\n\t\t\t\t\t<\/div>\n\t\t<\/div>\n\t\t\t\t\t\t<\/div>\n\t\t\t\t\t<\/div>\n\t\t<\/div>\n\t\t\t\t\t<\/div>\n\t\t<\/section>\n\t\t\t\t<\/div>\n\t\t","protected":false},"excerpt":{"rendered":"<p>Kalite Politikas\u0131 ve Sertifikalar T\u00fcrk\u00e7e English KAL\u0130TE POL\u0130T\u0130KASI KAL\u0130TE Y\u00d6NET\u0130M S\u0130STEM\u0130 9001-2015 Y.D.\u00c7 METAL MAK\u0130NA OTOMOT\u0130V NAKL\u0130YE \u0130N\u015eAAT TUR\u0130ZM \u0130TH. \u0130HR. SAN. T\u0130C. LTD. \u015eT\u0130 Personelimizin yarat\u0131c\u0131l\u0131klar\u0131n\u0131 ve inisiyatiflerini geli\u015ftirmek ve sorumluluk duygusuna sahip olmalar\u0131n\u0131 sa\u011flamak. \u00c7al\u0131\u015fan her personelin, yapt\u0131\u011f\u0131 i\u015flerin kalitesini bir ba\u015fkas\u0131 taraf\u0131ndan kontrol edilerek de\u011fil, standartlara uygun \u00e7al\u0131\u015farak olu\u015fturulabilece\u011fi bilincini geli\u015ftirmek. E\u011fitilmi\u015f, [&hellip;]<\/p>\n","protected":false},"author":1,"featured_media":0,"parent":0,"menu_order":0,"comment_status":"closed","ping_status":"closed","template":"elementor_header_footer","meta":{"_joinchat":[],"footnotes":""},"class_list":["post-660","page","type-page","status-publish","hentry"],"yoast_head":"<!-- This site is optimized with the Yoast SEO plugin v27.2 - https:\/\/yoast.com\/product\/yoast-seo-wordpress\/ -->\n<title>Kalite Politikas\u0131 ve Sertifikalar - YD\u00c7 Metal<\/title>\n<meta name=\"robots\" content=\"index, follow, max-snippet:-1, max-image-preview:large, max-video-preview:-1\" \/>\n<link rel=\"canonical\" href=\"https:\/\/www.ydcmetal.com.tr\/index.php\/kalite-politikalari-ve-sertifikalar\/\" \/>\n<meta property=\"og:locale\" content=\"tr_TR\" \/>\n<meta property=\"og:type\" content=\"article\" \/>\n<meta property=\"og:title\" content=\"Kalite Politikas\u0131 ve Sertifikalar - YD\u00c7 Metal\" \/>\n<meta property=\"og:description\" content=\"Kalite Politikas\u0131 ve Sertifikalar T\u00fcrk\u00e7e English KAL\u0130TE POL\u0130T\u0130KASI KAL\u0130TE Y\u00d6NET\u0130M S\u0130STEM\u0130 9001-2015 Y.D.\u00c7 METAL MAK\u0130NA OTOMOT\u0130V NAKL\u0130YE \u0130N\u015eAAT TUR\u0130ZM \u0130TH. \u0130HR. SAN. T\u0130C. LTD. \u015eT\u0130 Personelimizin yarat\u0131c\u0131l\u0131klar\u0131n\u0131 ve inisiyatiflerini geli\u015ftirmek ve sorumluluk duygusuna sahip olmalar\u0131n\u0131 sa\u011flamak. \u00c7al\u0131\u015fan her personelin, yapt\u0131\u011f\u0131 i\u015flerin kalitesini bir ba\u015fkas\u0131 taraf\u0131ndan kontrol edilerek de\u011fil, standartlara uygun \u00e7al\u0131\u015farak olu\u015fturulabilece\u011fi bilincini geli\u015ftirmek. E\u011fitilmi\u015f, [&hellip;]\" \/>\n<meta property=\"og:url\" content=\"https:\/\/www.ydcmetal.com.tr\/index.php\/kalite-politikalari-ve-sertifikalar\/\" \/>\n<meta property=\"og:site_name\" content=\"YD\u00c7 Metal\" \/>\n<meta property=\"article:modified_time\" content=\"2026-03-27T11:38:50+00:00\" \/>\n<meta property=\"og:image\" content=\"https:\/\/www.ydcmetal.com.tr\/wp-content\/uploads\/2026\/03\/ydcmetal-kalite-politikasi-1.webp\" \/>\n<meta name=\"twitter:card\" content=\"summary_large_image\" \/>\n<meta name=\"twitter:label1\" content=\"Tahmini okuma s\u00fcresi\" \/>\n\t<meta name=\"twitter:data1\" content=\"6 dakika\" \/>\n<script type=\"application\/ld+json\" class=\"yoast-schema-graph\">{\"@context\":\"https:\/\/schema.org\",\"@graph\":[{\"@type\":\"WebPage\",\"@id\":\"https:\/\/www.ydcmetal.com.tr\/index.php\/kalite-politikalari-ve-sertifikalar\/\",\"url\":\"https:\/\/www.ydcmetal.com.tr\/index.php\/kalite-politikalari-ve-sertifikalar\/\",\"name\":\"Kalite Politikas\u0131 ve Sertifikalar - YD\u00c7 Metal\",\"isPartOf\":{\"@id\":\"https:\/\/www.ydcmetal.com.tr\/#website\"},\"primaryImageOfPage\":{\"@id\":\"https:\/\/www.ydcmetal.com.tr\/index.php\/kalite-politikalari-ve-sertifikalar\/#primaryimage\"},\"image\":{\"@id\":\"https:\/\/www.ydcmetal.com.tr\/index.php\/kalite-politikalari-ve-sertifikalar\/#primaryimage\"},\"thumbnailUrl\":\"https:\/\/www.ydcmetal.com.tr\/wp-content\/uploads\/2026\/03\/ydcmetal-kalite-politikasi-1.webp\",\"datePublished\":\"2026-03-16T12:20:17+00:00\",\"dateModified\":\"2026-03-27T11:38:50+00:00\",\"breadcrumb\":{\"@id\":\"https:\/\/www.ydcmetal.com.tr\/index.php\/kalite-politikalari-ve-sertifikalar\/#breadcrumb\"},\"inLanguage\":\"tr\",\"potentialAction\":[{\"@type\":\"ReadAction\",\"target\":[\"https:\/\/www.ydcmetal.com.tr\/index.php\/kalite-politikalari-ve-sertifikalar\/\"]}]},{\"@type\":\"ImageObject\",\"inLanguage\":\"tr\",\"@id\":\"https:\/\/www.ydcmetal.com.tr\/index.php\/kalite-politikalari-ve-sertifikalar\/#primaryimage\",\"url\":\"https:\/\/www.ydcmetal.com.tr\/wp-content\/uploads\/2026\/03\/ydcmetal-kalite-politikasi-1.webp\",\"contentUrl\":\"https:\/\/www.ydcmetal.com.tr\/wp-content\/uploads\/2026\/03\/ydcmetal-kalite-politikasi-1.webp\",\"width\":1920,\"height\":2500},{\"@type\":\"BreadcrumbList\",\"@id\":\"https:\/\/www.ydcmetal.com.tr\/index.php\/kalite-politikalari-ve-sertifikalar\/#breadcrumb\",\"itemListElement\":[{\"@type\":\"ListItem\",\"position\":1,\"name\":\"Anasayfa\",\"item\":\"https:\/\/www.ydcmetal.com.tr\/\"},{\"@type\":\"ListItem\",\"position\":2,\"name\":\"Kalite Politikas\u0131 ve Sertifikalar\"}]},{\"@type\":\"WebSite\",\"@id\":\"https:\/\/www.ydcmetal.com.tr\/#website\",\"url\":\"https:\/\/www.ydcmetal.com.tr\/\",\"name\":\"Y.D.\u00c7. METAL\",\"description\":\"\",\"publisher\":{\"@id\":\"https:\/\/www.ydcmetal.com.tr\/#organization\"},\"potentialAction\":[{\"@type\":\"SearchAction\",\"target\":{\"@type\":\"EntryPoint\",\"urlTemplate\":\"https:\/\/www.ydcmetal.com.tr\/?s={search_term_string}\"},\"query-input\":{\"@type\":\"PropertyValueSpecification\",\"valueRequired\":true,\"valueName\":\"search_term_string\"}}],\"inLanguage\":\"tr\"},{\"@type\":\"Organization\",\"@id\":\"https:\/\/www.ydcmetal.com.tr\/#organization\",\"name\":\"Y.D.\u00c7. METAL\",\"url\":\"https:\/\/www.ydcmetal.com.tr\/\",\"logo\":{\"@type\":\"ImageObject\",\"inLanguage\":\"tr\",\"@id\":\"https:\/\/www.ydcmetal.com.tr\/#\/schema\/logo\/image\/\",\"url\":\"https:\/\/www.ydcmetal.com.tr\/wp-content\/uploads\/2025\/09\/ydc-scaled.png\",\"contentUrl\":\"https:\/\/www.ydcmetal.com.tr\/wp-content\/uploads\/2025\/09\/ydc-scaled.png\",\"width\":2560,\"height\":1013,\"caption\":\"Y.D.\u00c7. METAL\"},\"image\":{\"@id\":\"https:\/\/www.ydcmetal.com.tr\/#\/schema\/logo\/image\/\"}}]}<\/script>\n<!-- \/ Yoast SEO plugin. -->","yoast_head_json":{"title":"Kalite Politikas\u0131 ve Sertifikalar - YD\u00c7 Metal","robots":{"index":"index","follow":"follow","max-snippet":"max-snippet:-1","max-image-preview":"max-image-preview:large","max-video-preview":"max-video-preview:-1"},"canonical":"https:\/\/www.ydcmetal.com.tr\/index.php\/kalite-politikalari-ve-sertifikalar\/","og_locale":"tr_TR","og_type":"article","og_title":"Kalite Politikas\u0131 ve Sertifikalar - YD\u00c7 Metal","og_description":"Kalite Politikas\u0131 ve Sertifikalar T\u00fcrk\u00e7e English KAL\u0130TE POL\u0130T\u0130KASI KAL\u0130TE Y\u00d6NET\u0130M S\u0130STEM\u0130 9001-2015 Y.D.\u00c7 METAL MAK\u0130NA OTOMOT\u0130V NAKL\u0130YE \u0130N\u015eAAT TUR\u0130ZM \u0130TH. \u0130HR. SAN. T\u0130C. LTD. \u015eT\u0130 Personelimizin yarat\u0131c\u0131l\u0131klar\u0131n\u0131 ve inisiyatiflerini geli\u015ftirmek ve sorumluluk duygusuna sahip olmalar\u0131n\u0131 sa\u011flamak. \u00c7al\u0131\u015fan her personelin, yapt\u0131\u011f\u0131 i\u015flerin kalitesini bir ba\u015fkas\u0131 taraf\u0131ndan kontrol edilerek de\u011fil, standartlara uygun \u00e7al\u0131\u015farak olu\u015fturulabilece\u011fi bilincini geli\u015ftirmek. E\u011fitilmi\u015f, [&hellip;]","og_url":"https:\/\/www.ydcmetal.com.tr\/index.php\/kalite-politikalari-ve-sertifikalar\/","og_site_name":"YD\u00c7 Metal","article_modified_time":"2026-03-27T11:38:50+00:00","og_image":[{"url":"https:\/\/www.ydcmetal.com.tr\/wp-content\/uploads\/2026\/03\/ydcmetal-kalite-politikasi-1.webp","type":"","width":"","height":""}],"twitter_card":"summary_large_image","twitter_misc":{"Tahmini okuma s\u00fcresi":"6 dakika"},"schema":{"@context":"https:\/\/schema.org","@graph":[{"@type":"WebPage","@id":"https:\/\/www.ydcmetal.com.tr\/index.php\/kalite-politikalari-ve-sertifikalar\/","url":"https:\/\/www.ydcmetal.com.tr\/index.php\/kalite-politikalari-ve-sertifikalar\/","name":"Kalite Politikas\u0131 ve Sertifikalar - YD\u00c7 Metal","isPartOf":{"@id":"https:\/\/www.ydcmetal.com.tr\/#website"},"primaryImageOfPage":{"@id":"https:\/\/www.ydcmetal.com.tr\/index.php\/kalite-politikalari-ve-sertifikalar\/#primaryimage"},"image":{"@id":"https:\/\/www.ydcmetal.com.tr\/index.php\/kalite-politikalari-ve-sertifikalar\/#primaryimage"},"thumbnailUrl":"https:\/\/www.ydcmetal.com.tr\/wp-content\/uploads\/2026\/03\/ydcmetal-kalite-politikasi-1.webp","datePublished":"2026-03-16T12:20:17+00:00","dateModified":"2026-03-27T11:38:50+00:00","breadcrumb":{"@id":"https:\/\/www.ydcmetal.com.tr\/index.php\/kalite-politikalari-ve-sertifikalar\/#breadcrumb"},"inLanguage":"tr","potentialAction":[{"@type":"ReadAction","target":["https:\/\/www.ydcmetal.com.tr\/index.php\/kalite-politikalari-ve-sertifikalar\/"]}]},{"@type":"ImageObject","inLanguage":"tr","@id":"https:\/\/www.ydcmetal.com.tr\/index.php\/kalite-politikalari-ve-sertifikalar\/#primaryimage","url":"https:\/\/www.ydcmetal.com.tr\/wp-content\/uploads\/2026\/03\/ydcmetal-kalite-politikasi-1.webp","contentUrl":"https:\/\/www.ydcmetal.com.tr\/wp-content\/uploads\/2026\/03\/ydcmetal-kalite-politikasi-1.webp","width":1920,"height":2500},{"@type":"BreadcrumbList","@id":"https:\/\/www.ydcmetal.com.tr\/index.php\/kalite-politikalari-ve-sertifikalar\/#breadcrumb","itemListElement":[{"@type":"ListItem","position":1,"name":"Anasayfa","item":"https:\/\/www.ydcmetal.com.tr\/"},{"@type":"ListItem","position":2,"name":"Kalite Politikas\u0131 ve Sertifikalar"}]},{"@type":"WebSite","@id":"https:\/\/www.ydcmetal.com.tr\/#website","url":"https:\/\/www.ydcmetal.com.tr\/","name":"Y.D.\u00c7. METAL","description":"","publisher":{"@id":"https:\/\/www.ydcmetal.com.tr\/#organization"},"potentialAction":[{"@type":"SearchAction","target":{"@type":"EntryPoint","urlTemplate":"https:\/\/www.ydcmetal.com.tr\/?s={search_term_string}"},"query-input":{"@type":"PropertyValueSpecification","valueRequired":true,"valueName":"search_term_string"}}],"inLanguage":"tr"},{"@type":"Organization","@id":"https:\/\/www.ydcmetal.com.tr\/#organization","name":"Y.D.\u00c7. METAL","url":"https:\/\/www.ydcmetal.com.tr\/","logo":{"@type":"ImageObject","inLanguage":"tr","@id":"https:\/\/www.ydcmetal.com.tr\/#\/schema\/logo\/image\/","url":"https:\/\/www.ydcmetal.com.tr\/wp-content\/uploads\/2025\/09\/ydc-scaled.png","contentUrl":"https:\/\/www.ydcmetal.com.tr\/wp-content\/uploads\/2025\/09\/ydc-scaled.png","width":2560,"height":1013,"caption":"Y.D.\u00c7. METAL"},"image":{"@id":"https:\/\/www.ydcmetal.com.tr\/#\/schema\/logo\/image\/"}}]}},"_links":{"self":[{"href":"https:\/\/www.ydcmetal.com.tr\/index.php\/wp-json\/wp\/v2\/pages\/660","targetHints":{"allow":["GET"]}}],"collection":[{"href":"https:\/\/www.ydcmetal.com.tr\/index.php\/wp-json\/wp\/v2\/pages"}],"about":[{"href":"https:\/\/www.ydcmetal.com.tr\/index.php\/wp-json\/wp\/v2\/types\/page"}],"author":[{"embeddable":true,"href":"https:\/\/www.ydcmetal.com.tr\/index.php\/wp-json\/wp\/v2\/users\/1"}],"replies":[{"embeddable":true,"href":"https:\/\/www.ydcmetal.com.tr\/index.php\/wp-json\/wp\/v2\/comments?post=660"}],"version-history":[{"count":35,"href":"https:\/\/www.ydcmetal.com.tr\/index.php\/wp-json\/wp\/v2\/pages\/660\/revisions"}],"predecessor-version":[{"id":711,"href":"https:\/\/www.ydcmetal.com.tr\/index.php\/wp-json\/wp\/v2\/pages\/660\/revisions\/711"}],"wp:attachment":[{"href":"https:\/\/www.ydcmetal.com.tr\/index.php\/wp-json\/wp\/v2\/media?parent=660"}],"curies":[{"name":"wp","href":"https:\/\/api.w.org\/{rel}","templated":true}]}}